{"id":44,"date":"2020-02-08T00:39:02","date_gmt":"2020-02-08T00:39:02","guid":{"rendered":"https:\/\/alojamentouniversitario.com.br\/?page_id=44"},"modified":"2020-02-08T18:11:49","modified_gmt":"2020-02-08T21:11:49","slug":"f-a-q","status":"publish","type":"page","link":"https:\/\/alojamentouniversitario.com.br\/index.php\/f-a-q\/","title":{"rendered":"F.A.Q. [Frequently Asked Questions]"},"content":{"rendered":"<p>Elencamos abaixo as principais perguntas (e respectivas respostas) [<strong>F<\/strong>requently <strong>A<\/strong>sked <strong>Q<\/strong>uestions], que costumam nos apresentar durante o processo de pr\u00e9-contrata\u00e7\u00e3o dos servi\u00e7os do <strong>Alojamento Universit\u00e1rio<\/strong>:<\/p>\n<div class=\"hrf-faq-list\"><article class=\"hrf-entry\" id=\"hrf-entry-65\">\n                      <h3 class=\"hrf-title close-faq\" data-content-id=\"hrf-content-65\"><span><\/span>Qual \u00e9 a estrutura de com\u00e9rcio\/servi\u00e7os no entorno do AU?<\/h3>\n                     <div class=\"hrf-content\" id=\"hrf-content-65\"><p>Existem muitas op\u00e7\u00f5es de prestadores de servi\u00e7os e estabelecimentos comerciais no entorno do <strong>Alojamento Universit\u00e1rio<\/strong>. Abaixo elencamos algumas das principais op\u00e7\u00f5es:<\/p>\n<p><strong>Academias:<\/strong><\/p>\n<ul>\n<li><a href=\"https:\/\/goo.gl\/maps\/7HcQzyu4FAoyRqhT8\" target=\"_blank\" rel=\"noopener noreferrer\">Cin\u00e9tica<\/a><\/li>\n<li><a href=\"https:\/\/goo.gl\/maps\/gYu1H94vfKnk2J2w7\" target=\"_blank\" rel=\"noopener noreferrer\">Golden Fitness<\/a><\/li>\n<\/ul>\n<p><strong>Drogarias:<\/strong><\/p>\n<ul>\n<li><a href=\"https:\/\/g.page\/drogaria-do-campus?share\" target=\"_blank\" rel=\"noopener noreferrer\">Drogaria do Campus<\/a><\/li>\n<li><a href=\"https:\/\/goo.gl\/maps\/ZkaKQ8DHYdWW8kDn6\" target=\"_blank\" rel=\"noopener noreferrer\">Drogaria Vit\u00f3ria<\/a><\/li>\n<\/ul>\n<p><strong>Escolas de Idiomas:<\/strong><\/p>\n<ul>\n<li><a href=\"https:\/\/goo.gl\/maps\/cZSfBNuhwtuWDYLm8\" target=\"_blank\" rel=\"noopener noreferrer\">Cultura Inglesa<\/a><\/li>\n<li><a href=\"https:\/\/g.page\/havadbarao?share\" target=\"_blank\" rel=\"noopener noreferrer\">Havad Language<\/a><\/li>\n<li><a href=\"https:\/\/g.page\/newcastlebaraogeraldo?share\" target=\"_blank\" rel=\"noopener noreferrer\">Newcastle Idiomas<\/a><\/li>\n<li><a href=\"https:\/\/g.page\/WizardBaraoGeraldo?share\" target=\"_blank\" rel=\"noopener noreferrer\">Wizard<\/a><\/li>\n<li><a href=\"https:\/\/goo.gl\/maps\/PwrhrLnrejanrPPV7\" target=\"_blank\" rel=\"noopener noreferrer\">Y\u00e1zigi<\/a><\/li>\n<\/ul>\n<p><strong>Restaurantes:<\/strong><\/p>\n<ul>\n<li><a href=\"https:\/\/goo.gl\/maps\/e7ha3jhRJ2vJaeeW6\" target=\"_blank\" rel=\"noopener noreferrer\">Aulus V\u00eddeo Bar &amp; Restaurante<\/a><\/li>\n<li><a href=\"https:\/\/goo.gl\/maps\/vfoJxbFjoGQPyiT97\" target=\"_blank\" rel=\"noopener noreferrer\">Bardana Restaurante<\/a><\/li>\n<li><a href=\"https:\/\/goo.gl\/maps\/y6eGDQf8gxBFYp677\" target=\"_blank\" rel=\"noopener noreferrer\">Johnny Grill Restaurante<\/a><\/li>\n<li><a href=\"https:\/\/goo.gl\/maps\/mcp6AVT2CnXH9Mtz8\" target=\"_blank\" rel=\"noopener noreferrer\">Yespeto Restaurante &amp; Grill<\/a><\/li>\n<\/ul>\n<p><strong>Supermercados:<\/strong><\/p>\n<ul>\n<li><a href=\"https:\/\/goo.gl\/maps\/TEBQFTC96D6Ho3X9A\" target=\"_blank\" rel=\"noopener noreferrer\">Dalbem<\/a><\/li>\n<li><a href=\"https:\/\/goo.gl\/maps\/wHd6NThug8W1EzFb9\" target=\"_blank\" rel=\"noopener noreferrer\">Dia%<\/a><\/li>\n<li><a href=\"https:\/\/goo.gl\/maps\/r7Bdh7euWrJVwaNM7\" target=\"_blank\" rel=\"noopener noreferrer\">P\u00e3o de A\u00e7\u00facar<\/a><\/li>\n<\/ul>\n<\/div>\n                  <\/article><article class=\"hrf-entry\" id=\"hrf-entry-70\">\n                      <h3 class=\"hrf-title close-faq\" data-content-id=\"hrf-content-70\"><span><\/span>Existe oferta de transporte p\u00fablico pr\u00f3ximo ao AU?<\/h3>\n                     <div class=\"hrf-content\" id=\"hrf-content-70\"><p>Sim. Bem pr\u00f3ximo ao <strong>Alojamento Universit\u00e1rio<\/strong> voc\u00ea pode se valer de transporte p\u00fablico, usando a <a href=\"http:\/\/www.emdec.com.br\/ABusInf\/detalheLinha.asp?TpDiaID=0&amp;CdPjOID=4586\" target=\"_blank\" rel=\"noopener noreferrer\">linha 330 (Corredor Central\/UNICAMP)<\/a>, explorada pela empresa Via\u00e7\u00e3o Bonavita III (VB3).<\/p>\n<ul>\n<li><strong>Sentido Corredor Central:<\/strong> Embarque na A. Dr. Romeu T\u00f3rtima, altura do n\u00famero 1615 (Ref. Posto Ipiranga) &#8211; 300 metros de dist\u00e2ncia, 3 min de caminhada<\/li>\n<li><strong>Sentido UNICAMP:<\/strong> Desembarque na Av. ProfessorAt\u00edlio Martini, altura do n\u00famero 643-713 &#8211; 362 metros de dist\u00e2ncia, 4 min de caminhada\n<div class=\"pd5\"><\/div>\n<\/li>\n<\/ul>\n<div class=\"pd5\"><span style=\"font-size: 1rem;\">Em Campinas\/SP \u00e9 obrigat\u00f3rio o uso de <\/span><a style=\"font-size: 1rem;\" href=\"https:\/\/www.transurc.com.br\/index.php\/o-bilhete-unico\/\" target=\"_blank\" rel=\"noopener noreferrer\">Bilhete \u00danico<\/a><span style=\"font-size: 1rem;\"> e\/ou <\/span><a style=\"font-size: 1rem;\" href=\"https:\/\/www.transurc.com.br\/index.php\/o-bilhete-unico\/universitario\/\" target=\"_blank\" rel=\"noopener noreferrer\">Bilhete Universit\u00e1rio<\/a><span style=\"font-size: 1rem;\"> para pagar pela viagem. N\u00e3o \u00e9 poss\u00edvel pagar em esp\u00e9cie (dinheiro), portanto voc\u00ea precisa, previamente, obter os tais bilhetes junto \u00e0 <\/span><a style=\"font-size: 1rem;\" href=\"https:\/\/www.transurc.com.br\/\" target=\"_blank\" rel=\"noopener noreferrer\">Transurc<\/a><span style=\"font-size: 1rem;\"> (Associa\u00e7\u00e3o das Empresas de Transporte Coletivo Urbano de Campinas), se dirigir ao <\/span><a style=\"font-size: 1rem;\" href=\"https:\/\/www.transurc.com.br\/index.php\/informacoes\/onde-comprar\/\" target=\"_blank\" rel=\"noopener noreferrer\">ponto de recarga<\/a><span style=\"font-size: 1rem;\"> mais pr\u00f3ximo para abastecer o cart\u00e3o com cr\u00e9dito, antes de usar o sistema p\u00fablico de transporte.<\/span><\/div>\n<\/div>\n                  <\/article><article class=\"hrf-entry\" id=\"hrf-entry-71\">\n                      <h3 class=\"hrf-title close-faq\" data-content-id=\"hrf-content-71\"><span><\/span>Que tipo de seguran\u00e7a pessoal\/patrimonial o AU oferece?<\/h3>\n                     <div class=\"hrf-content\" id=\"hrf-content-71\"><p>Mantemos servi\u00e7o de seguran\u00e7a particular, que realiza rondas 24 horas por dia, nos 7 dias da semana, na rua do <strong>Alojamento Universit\u00e1rio<\/strong>. Quando solicitado, d\u00e1 cobertura para entradas e sa\u00eddas dos contratantes.<\/p>\n<\/div>\n                  <\/article><article class=\"hrf-entry\" id=\"hrf-entry-72\">\n                      <h3 class=\"hrf-title close-faq\" data-content-id=\"hrf-content-72\"><span><\/span>Existe servi\u00e7o de sa\u00fade p\u00fablica na regi\u00e3o do AU?<\/h3>\n                     <div class=\"hrf-content\" id=\"hrf-content-72\"><p>A regi\u00e3o do <strong>Alojamento Universit\u00e1rio<\/strong> \u00e9 atendida pelo:<\/p>\n<p><strong>Centro de Sa\u00fade &#8220;Attilio Vicentin&#8221;<\/strong> (Distrito de Sa\u00fade Norte)<br \/>\nAvenida Albino Jos\u00e9 Barbosa de Oliveira n\u00ba 893 (Bar\u00e3o Geraldo)<br \/>\nCampinas (SP) CEP: 13084-551<br \/>\nTelefones: (19) 3289-9691 \/ (19) 3289-8507 \/ (19) 3289-4475<br \/>\nFuncionamento: Segunda \u00e0 sexta-feira, das 7h00 \u00e0s 19h00<br \/>\n[ <a href=\"https:\/\/goo.gl\/maps\/1RAHmdxYYEhtZoHo8\" target=\"_blank\" rel=\"noopener noreferrer\">Ver Mapa<\/a> ]<\/p>\n<p>O Centro de Sa\u00fade \u00e9 a unidade b\u00e1sica de sa\u00fade, a porta de entrada para in\u00edcio de tratamento atrav\u00e9s do SUS, destinado a aten\u00e7\u00e3o b\u00e1sica (a\u00e7\u00f5es de preven\u00e7\u00e3o, promo\u00e7\u00e3o e recupera\u00e7\u00e3o da sa\u00fade).<\/p>\n<p><strong>Aten\u00e7\u00e3o! \u00c9 preciso providenciar cadastro pr\u00e9vio no Centro de Sa\u00fade, para poder agendar consultas, usufruir dos servi\u00e7os da unidade.<\/strong><\/p>\n<\/div>\n                  <\/article><article style = \"display:block;text-align:right; font-size:11px\">Powered by <a href=\"https:\/\/websitebuilderguide.com\/wp-plugins\/html5-responsive-faq-plugin-for-wordpress\/\" target=\"_blank\">HTML5 Responsive FAQ<\/a><\/article><\/div><!-- HRF v 2.8.4 -->\n","protected":false},"excerpt":{"rendered":"<p>Elencamos abaixo as principais perguntas (e respectivas respostas) [Frequently Asked Questions], que costumam nos apresentar durante o processo de pr\u00e9-contrata\u00e7\u00e3o dos servi\u00e7os do Alojamento Universit\u00e1rio:<\/p>\n","protected":false},"author":1,"featured_media":0,"parent":0,"menu_order":0,"comment_status":"closed","ping_status":"closed","template":"","meta":{"footnotes":""},"_links":{"self":[{"href":"https:\/\/alojamentouniversitario.com.br\/index.php\/wp-json\/wp\/v2\/pages\/44"}],"collection":[{"href":"https:\/\/alojamentouniversitario.com.br\/index.php\/wp-json\/wp\/v2\/pages"}],"about":[{"href":"https:\/\/alojamentouniversitario.com.br\/index.php\/wp-json\/wp\/v2\/types\/page"}],"author":[{"embeddable":true,"href":"https:\/\/alojamentouniversitario.com.br\/index.php\/wp-json\/wp\/v2\/users\/1"}],"replies":[{"embeddable":true,"href":"https:\/\/alojamentouniversitario.com.br\/index.php\/wp-json\/wp\/v2\/comments?post=44"}],"version-history":[{"count":8,"href":"https:\/\/alojamentouniversitario.com.br\/index.php\/wp-json\/wp\/v2\/pages\/44\/revisions"}],"predecessor-version":[{"id":97,"href":"https:\/\/alojamentouniversitario.com.br\/index.php\/wp-json\/wp\/v2\/pages\/44\/revisions\/97"}],"wp:attachment":[{"href":"https:\/\/alojamentouniversitario.com.br\/index.php\/wp-json\/wp\/v2\/media?parent=44"}],"curies":[{"name":"wp","href":"https:\/\/api.w.org\/{rel}","templated":true}]}}