{"id":42,"date":"2020-02-08T00:39:02","date_gmt":"2020-02-08T00:39:02","guid":{"rendered":"https:\/\/alojamentouniversitario.com.br\/?page_id=42"},"modified":"2023-07-26T07:18:36","modified_gmt":"2023-07-26T10:18:36","slug":"estrutura-servicos","status":"publish","type":"page","link":"https:\/\/alojamentouniversitario.com.br\/index.php\/estrutura-servicos\/","title":{"rendered":"Estrutura\/Servi\u00e7os"},"content":{"rendered":"<p>Desde 2002 proporcionando conforto e seguran\u00e7a, exclusivamente para rapazes universit\u00e1rios (gradua\u00e7\u00e3o, p\u00f3s-gradua\u00e7\u00e3o, mestrado ou doutorado).<\/p>\n<p>O <strong>Alojamento Universit\u00e1rio<\/strong> oferece [ Vide Galeria de Fotos ]:<\/p>\n<ul>\n<li>Quartos arejados (individual ou compartilhado), com acomoda\u00e7\u00f5es em camas ou beliches, todos os quartos s\u00e3o mobiliados com:\n<ul>\n<li>Mesa de estudos<\/li>\n<li>Arm\u00e1rios\/Guarda-roupas<\/li>\n<li>Ventilador de teto<\/li>\n<\/ul>\n<\/li>\n<li>Sala de conviv\u00eancia (descanso)<\/li>\n<li>Sala de TV<\/li>\n<li>Internet (Wi-Fi)<\/li>\n<li>Telefone fixo<\/li>\n<li>\u00c1rea de laser externa<\/li>\n<li>Cozinha completa<\/li>\n<li>\u00c1rea de servi\u00e7o<\/li>\n<li>Faxina de segunda a sexta (\u00e1rea comum e quartos)<\/li>\n<li>Garagem<\/li>\n<\/ul>\n<p>Localiza\u00e7\u00e3o pr\u00f3xima:<\/p>\n<ul>\n<li>Entrada principal da Unicamp (5 min a p\u00e9)<\/li>\n<li>Entrada das Engenharia<\/li>\n<li>Restaurante universit\u00e1rio (\u201cRU\u201d) (7 min a p\u00e9)<\/li>\n<li>Ciclo B\u00e1sico (8 min a p\u00e9)<\/li>\n<\/ul>\n","protected":false},"excerpt":{"rendered":"<p>Desde 2002 proporcionando conforto e seguran\u00e7a, exclusivamente para rapazes universit\u00e1rios (gradua\u00e7\u00e3o, p\u00f3s-gradua\u00e7\u00e3o, mestrado ou doutorado). O Alojamento Universit\u00e1rio oferece [ Vide Galeria de Fotos ]: Quartos arejados (individual ou compartilhado), com acomoda\u00e7\u00f5es em camas ou beliches, todos os quartos s\u00e3o mobiliados com: Mesa de estudos Arm\u00e1rios\/Guarda-roupas Ventilador de teto Sala de conviv\u00eancia (descanso) Sala de &hellip; <\/p>\n<p class=\"link-more\"><a href=\"https:\/\/alojamentouniversitario.com.br\/index.php\/estrutura-servicos\/\" class=\"more-link\">Continue lendo<span class=\"screen-reader-text\"> &#8220;Estrutura\/Servi\u00e7os&#8221;<\/span><\/a><\/p>\n","protected":false},"author":1,"featured_media":0,"parent":0,"menu_order":0,"comment_status":"closed","ping_status":"closed","template":"","meta":{"footnotes":""},"_links":{"self":[{"href":"https:\/\/alojamentouniversitario.com.br\/index.php\/wp-json\/wp\/v2\/pages\/42"}],"collection":[{"href":"https:\/\/alojamentouniversitario.com.br\/index.php\/wp-json\/wp\/v2\/pages"}],"about":[{"href":"https:\/\/alojamentouniversitario.com.br\/index.php\/wp-json\/wp\/v2\/types\/page"}],"author":[{"embeddable":true,"href":"https:\/\/alojamentouniversitario.com.br\/index.php\/wp-json\/wp\/v2\/users\/1"}],"replies":[{"embeddable":true,"href":"https:\/\/alojamentouniversitario.com.br\/index.php\/wp-json\/wp\/v2\/comments?post=42"}],"version-history":[{"count":15,"href":"https:\/\/alojamentouniversitario.com.br\/index.php\/wp-json\/wp\/v2\/pages\/42\/revisions"}],"predecessor-version":[{"id":168,"href":"https:\/\/alojamentouniversitario.com.br\/index.php\/wp-json\/wp\/v2\/pages\/42\/revisions\/168"}],"wp:attachment":[{"href":"https:\/\/alojamentouniversitario.com.br\/index.php\/wp-json\/wp\/v2\/media?parent=42"}],"curies":[{"name":"wp","href":"https:\/\/api.w.org\/{rel}","templated":true}]}}