{"id":35,"date":"2020-02-08T00:24:26","date_gmt":"2020-02-08T00:24:26","guid":{"rendered":"https:\/\/alojamentouniversitario.com.br\/?page_id=35"},"modified":"2020-02-10T22:01:34","modified_gmt":"2020-02-11T01:01:34","slug":"contatos","status":"publish","type":"page","link":"https:\/\/alojamentouniversitario.com.br\/index.php\/contatos\/","title":{"rendered":"Contatos"},"content":{"rendered":"<p>O <strong>Alojamento Universit\u00e1rio<\/strong> est\u00e1 estabelecido \u00e0:<\/p>\n<p>Rua Luverci Pereira de Souza, 1611<br \/>\nCidade Universit\u00e1ria (Distrito de Bar\u00e3o Geraldo)<br \/>\n13083-730 Campinas (SP)<br \/>\n[ <a href=\"https:\/\/goo.gl\/maps\/WXrVJF7vw1AgJHXC9\" target=\"_blank\" rel=\"noopener noreferrer\">Ver Mapa<\/a> ]<\/p>\n<p><strong>Telefones:<\/strong><\/p>\n<ul>\n<li>(19) 3288-0520<\/li>\n<li>(19) 97402-6864 (Renato)<\/li>\n<li>(19) 99615-1734 (Rita)<\/li>\n<\/ul>\n<p><strong>Endere\u00e7o Postal Eletr\u00f4nico (e-Mail):<\/strong><\/p>\n<p><a href=\"mailto:contato@alojamentouniversitario.com.br\" target=\"_blank\" rel=\"noopener noreferrer\">contato@alojamentouniversitario.com.br<\/a><\/p>\n<p><strong>Agende sua visita e venha nos conhecer, estamos a disposi\u00e7\u00e3o.<\/strong><\/p>\n<p>Alternativamente voc\u00ea pode se valer deste formul\u00e1rio eletr\u00f4nico (e-Form), para nos contatar direta e imediatamente, inclusive para agendar sua visita, se assim quiser:<\/p>\n<div class=\"wpforms-container wpforms-container-full\" id=\"wpforms-61\"><form id=\"wpforms-form-61\" class=\"wpforms-validate wpforms-form\" data-formid=\"61\" method=\"post\" enctype=\"multipart\/form-data\" action=\"\/index.php\/wp-json\/wp\/v2\/pages\/35\" data-token=\"dae391e78759de1e9f652c8b99338a91\" data-token-time=\"1776503106\"><noscript class=\"wpforms-error-noscript\">Ative o JavaScript no seu navegador para preencher este formul\u00e1rio.<\/noscript><div class=\"wpforms-field-container\"><div id=\"wpforms-61-field_3-container\" class=\"wpforms-field wpforms-field-name\" data-field-id=\"3\"><label class=\"wpforms-field-label\" for=\"wpforms-61-field_3\">Nome <span class=\"wpforms-required-label\">*<\/span><\/label><input type=\"text\" id=\"wpforms-61-field_3\" class=\"wpforms-field-medium wpforms-field-required\" name=\"wpforms[fields][3]\" required><div class=\"wpforms-field-description\">Informe seu nome<\/div><\/div><div id=\"wpforms-61-field_1-container\" class=\"wpforms-field wpforms-field-email\" data-field-id=\"1\"><label class=\"wpforms-field-label\" for=\"wpforms-61-field_1\">E-mail <span class=\"wpforms-required-label\">*<\/span><\/label><input type=\"email\" id=\"wpforms-61-field_1\" class=\"wpforms-field-medium wpforms-field-required\" name=\"wpforms[fields][1]\" spellcheck=\"false\" required><div class=\"wpforms-field-description\">Informe seu endere\u00e7o postal eletr\u00f4nico<\/div><\/div><div id=\"wpforms-61-field_2-container\" class=\"wpforms-field wpforms-field-textarea\" data-field-id=\"2\"><label class=\"wpforms-field-label\" for=\"wpforms-61-field_2\">Coment\u00e1rio ou Mensagem <span class=\"wpforms-required-label\">*<\/span><\/label><textarea id=\"wpforms-61-field_2\" class=\"wpforms-field-medium wpforms-field-required\" name=\"wpforms[fields][2]\" required><\/textarea><div class=\"wpforms-field-description\">Use este espa\u00e7o para registrar sua mensagem<\/div><\/div><\/div><!-- .wpforms-field-container --><div class=\"wpforms-field wpforms-field-hp\"><label for=\"wpforms-61-field-hp\" class=\"wpforms-field-label\">Name<\/label><input type=\"text\" name=\"wpforms[hp]\" id=\"wpforms-61-field-hp\" class=\"wpforms-field-medium\"><\/div><div class=\"wpforms-submit-container\" ><input type=\"hidden\" name=\"wpforms[id]\" value=\"61\"><input type=\"hidden\" name=\"page_title\" value=\"\"><input type=\"hidden\" name=\"page_url\" value=\"https:\/\/alojamentouniversitario.com.br\/index.php\/wp-json\/wp\/v2\/pages\/35\"><input type=\"hidden\" name=\"url_referer\" value=\"\"><button type=\"submit\" name=\"wpforms[submit]\" id=\"wpforms-submit-61\" class=\"wpforms-submit\" data-alt-text=\"Enviando...\" data-submit-text=\"Enviar\" aria-live=\"assertive\" value=\"wpforms-submit\">Enviar<\/button><\/div><\/form><\/div>  <!-- .wpforms-container -->\n","protected":false},"excerpt":{"rendered":"<p>O Alojamento Universit\u00e1rio est\u00e1 estabelecido \u00e0: Rua Luverci Pereira de Souza, 1611 Cidade Universit\u00e1ria (Distrito de Bar\u00e3o Geraldo) 13083-730 Campinas (SP) [ Ver Mapa ] Telefones: (19) 3288-0520 (19) 97402-6864 (Renato) (19) 99615-1734 (Rita) Endere\u00e7o Postal Eletr\u00f4nico (e-Mail): contato@alojamentouniversitario.com.br Agende sua visita e venha nos conhecer, estamos a disposi\u00e7\u00e3o. Alternativamente voc\u00ea pode se valer deste &hellip; <\/p>\n<p class=\"link-more\"><a href=\"https:\/\/alojamentouniversitario.com.br\/index.php\/contatos\/\" class=\"more-link\">Continue lendo<span class=\"screen-reader-text\"> &#8220;Contatos&#8221;<\/span><\/a><\/p>\n","protected":false},"author":1,"featured_media":0,"parent":0,"menu_order":0,"comment_status":"closed","ping_status":"closed","template":"","meta":{"footnotes":""},"_links":{"self":[{"href":"https:\/\/alojamentouniversitario.com.br\/index.php\/wp-json\/wp\/v2\/pages\/35"}],"collection":[{"href":"https:\/\/alojamentouniversitario.com.br\/index.php\/wp-json\/wp\/v2\/pages"}],"about":[{"href":"https:\/\/alojamentouniversitario.com.br\/index.php\/wp-json\/wp\/v2\/types\/page"}],"author":[{"embeddable":true,"href":"https:\/\/alojamentouniversitario.com.br\/index.php\/wp-json\/wp\/v2\/users\/1"}],"replies":[{"embeddable":true,"href":"https:\/\/alojamentouniversitario.com.br\/index.php\/wp-json\/wp\/v2\/comments?post=35"}],"version-history":[{"count":12,"href":"https:\/\/alojamentouniversitario.com.br\/index.php\/wp-json\/wp\/v2\/pages\/35\/revisions"}],"predecessor-version":[{"id":158,"href":"https:\/\/alojamentouniversitario.com.br\/index.php\/wp-json\/wp\/v2\/pages\/35\/revisions\/158"}],"wp:attachment":[{"href":"https:\/\/alojamentouniversitario.com.br\/index.php\/wp-json\/wp\/v2\/media?parent=35"}],"curies":[{"name":"wp","href":"https:\/\/api.w.org\/{rel}","templated":true}]}}